{"id":10029,"date":"2018-10-22T13:45:24","date_gmt":"2018-10-22T12:45:24","guid":{"rendered":"https:\/\/wiza.hiwawa.tech\/o-nas\/"},"modified":"2022-02-07T20:35:02","modified_gmt":"2022-02-07T19:35:02","slug":"o-nas","status":"publish","type":"page","link":"https:\/\/expowiza.com\/pl\/o-nas\/","title":{"rendered":"O nas"},"content":{"rendered":"<p>[vc_row full_width=&#8221;stretch_row&#8221; kd_background_image_position=&#8221;vc_row-bg-position-top&#8221; css=&#8221;.vc_custom_1606222897343{padding-top: 40px !important;}&#8221;][vc_column]<div class=\"kd-calltoaction\" >\n                <div class=\"container\">\n                  <div class=\"cta-text-container kd-animated fadeIn\" data-animation-delay=\"200\"><div class=\"cta-text\"><h2 >Kompleksowa, profesjonalna obs\u0142uga<\/h2><p >Specjalizacja to s\u0142owo klucz, kt\u00f3re t\u0142umaczy skuteczno\u015b\u0107 naszych dzia\u0142a\u0144. Do\u015bwiadczenie i 100% Efektywno\u015b\u0107 \u2014 Potrafimy przewidzie\u0107 ka\u017cde ryzyko niepowodzenia. Oszcz\u0119dzaj z nami sw\u00f3j czas!<\/p><\/div>\n                    <\/div>\n                    <div class=\"cta-btncontainer\"><a href=\"#\"  title=\"\" class=\"tt_button tt_primary_button btn_primary_color  button-action-link icon_right kd-animated zoomIn\" data-animation-delay=\"200\">Porozmawiajmy<span class=\"fas fa-chevron-right iconita\" ><\/span><\/a><\/div>\n                <\/div>\n            <\/div>[vc_column_text]Expowiza zajmuje siln\u0105 pozycj\u0119 jako jeden z najwi\u0119kszych touroperator\u00f3w na rynku us\u0142ug turystycznych. Posiadamy wieloletnie do\u015bwiadczenie w bran\u017cy i od ponad 7 lat specjalizujemy si\u0119 w kierunku wschodnim. Expowiza posiada biuro w Moskwie, co obni\u017ca koszty, zwi\u0119ksza efektywno\u015b\u0107 naszej pracy oraz przyspiesza proces uzyskiwania indywidualnych certyfikat\u00f3w i zezwole\u0144. Niew\u0105tpliw\u0105 zalet\u0105 naszej pracy jest szybka procedura uzyskania wizy. Z naszego do\u015bwiadczenia wynika, \u017ce oferta Expowiza spe\u0142nia oczekiwania naszych klient\u00f3w i jest najlepsza na rynku.<\/p>\n<h3 class=\"\">Zakres us\u0142ug oferowanych przez firm\u0119<\/h3>\n<ol>\n<li>Legalizacja cudzoziemc\u00f3w w Polsce w tym:\n<ul>\n<li>karta tymczasowego pobytu<\/li>\n<li>karta sta\u0142ego pobytu<\/li>\n<li>karta rezydenta d\u0142ugoterminowego<\/li>\n<li>obywatelstwo<\/li>\n<li class=\"\"><span class=\"\">odwo\u0142ania<\/span><\/li>\n<li class=\"\"><span class=\"\">zezwolenie na prac\u0119<\/span><\/li>\n<li class=\"\"><span class=\"\">o\u015bwiadczenie o zamiarze zatrudnienia<\/span><\/li>\n<li class=\"\"><span class=\"\">porady prawne dla cudzoziemc\u00f3w<\/span><\/li>\n<\/ul>\n<\/li>\n<li>Wizy do wszystkich pa\u0144stw \u015bwiata<\/li>\n<li>Ubezpieczenia<\/li>\n<li>T\u0142umaczenia pisemne oraz ustne w tym:\n<ul>\n<li>wymiana prawo jazdy na polskie<\/li>\n<\/ul>\n<\/li>\n<li>Otwieranie firm oraz doradztwo<\/li>\n<li>Zdj\u0119cia do wiz oraz kart pobytu<\/li>\n<li>Kserokopii dokument\u00f3w<\/li>\n<\/ol>\n<p>Zapraszamy do zapoznania si\u0119 z zawarto\u015bci\u0105 tej strony. Zosta\u0142 zaprojektowany, aby zapewni\u0107 Ci tyle danych i informacji, ile potrzebujesz. Zalecamy jednak kontakt mailowy lub telefoniczny. Ch\u0119tnie odpowiemy na Twoje pytania.<\/p>\n<p>Nie my\u015bl d\u0142ugo. Szybka wiza na wsch\u00f3d tylko z Expowiza.[\/vc_column_text][vc_empty_space height=&#8221;50px&#8221;][\/vc_column][\/vc_row]<\/p>\n","protected":false},"excerpt":{"rendered":"<p>[vc_row full_width=&#8221;stretch_row&#8221; kd_background_image_position=&#8221;vc_row-bg-position-top&#8221; css=&#8221;.vc_custom_1606222897343{padding-top: 40px !important;}&#8221;][vc_column][vc_column_text]Expowiza zajmuje siln\u0105 pozycj\u0119 jako jeden z najwi\u0119kszych touroperator\u00f3w na rynku us\u0142ug turystycznych. Posiadamy wieloletnie [&hellip;]<\/p>\n","protected":false},"author":1,"featured_media":9809,"parent":0,"menu_order":0,"comment_status":"closed","ping_status":"closed","template":"","meta":{"footnotes":""},"class_list":["post-10029","page","type-page","status-publish","has-post-thumbnail","hentry"],"_links":{"self":[{"href":"https:\/\/expowiza.com\/pl\/wp-json\/wp\/v2\/pages\/10029","targetHints":{"allow":["GET"]}}],"collection":[{"href":"https:\/\/expowiza.com\/pl\/wp-json\/wp\/v2\/pages"}],"about":[{"href":"https:\/\/expowiza.com\/pl\/wp-json\/wp\/v2\/types\/page"}],"author":[{"embeddable":true,"href":"https:\/\/expowiza.com\/pl\/wp-json\/wp\/v2\/users\/1"}],"replies":[{"embeddable":true,"href":"https:\/\/expowiza.com\/pl\/wp-json\/wp\/v2\/comments?post=10029"}],"version-history":[{"count":3,"href":"https:\/\/expowiza.com\/pl\/wp-json\/wp\/v2\/pages\/10029\/revisions"}],"predecessor-version":[{"id":10518,"href":"https:\/\/expowiza.com\/pl\/wp-json\/wp\/v2\/pages\/10029\/revisions\/10518"}],"wp:featuredmedia":[{"embeddable":true,"href":"https:\/\/expowiza.com\/pl\/wp-json\/wp\/v2\/media\/9809"}],"wp:attachment":[{"href":"https:\/\/expowiza.com\/pl\/wp-json\/wp\/v2\/media?parent=10029"}],"curies":[{"name":"wp","href":"https:\/\/api.w.org\/{rel}","templated":true}]}}