{"id":10182,"date":"2022-02-01T10:28:59","date_gmt":"2022-02-01T09:28:59","guid":{"rendered":"https:\/\/wiza.hiwawa.tech\/?page_id=10182"},"modified":"2022-02-03T22:19:57","modified_gmt":"2022-02-03T21:19:57","slug":"misje-biznesowe","status":"publish","type":"page","link":"https:\/\/expowiza.com\/pl\/misje-biznesowe\/","title":{"rendered":"Misje biznesowe"},"content":{"rendered":"<p>[vc_row full_width=&#8221;stretch_row&#8221; kd_background_image_position=&#8221;vc_row-bg-position-top&#8221; kd_bottom_separator_style=&#8221;waves&#8221; kd_bottom_separator_height=&#8221;separator-height-large&#8221; kd_bottom_separator=&#8221;true&#8221; css=&#8221;.vc_custom_1606732309815{padding-top: 260px !important;padding-bottom: 260px !important;background-image: url(https:\/\/www.swaytheme.com\/static\/wp-content\/uploads\/sites\/3\/2020\/11\/services-creative.jpg?id=) !important;background-position: center !important;background-repeat: no-repeat !important;background-size: cover !important;}&#8221; el_class=&#8221;intro-section&#8221; css_mobile=&#8221;.vc_custom_1606732309820{padding-top: 100px !important;padding-bottom: 150px !important;}&#8221; css_tablet_portrait=&#8221;.vc_custom_1606732309818{padding-top: 200px !important;padding-bottom: 250px !important;}&#8221;][vc_column][vc_row_inner kd_background_image_position=&#8221;vc_row-bg-position-top&#8221;][vc_column_inner]<header class=\"kd-section-title col-lg-12 text-center  subtitle-below-title kd-animated fadeIn   vc_custom_1643707100858\" data-animation-delay=200><h1 class=\"separator_off\" style=\"color: #ffffff;font-size: 52px;line-height: 68px;margin-bottom:30px;\">Organizacja Misji Gospodarczych<\/h1><h6 class=\"subtitle\" style=\"color: rgba(255,255,255,0.8);\">G\u0142\u00f3wnym celem misji gospodarczych jest nawi\u0105zywanie bezpo\u015brednich kontakt\u00f3w na obszarze Pa\u0144stwa zainteresowania.<\/h6><\/header><div class=\"scroll-down-wrapper sd-align-center kd-animated fadeInUp  vc_custom_1606153287439\" data-animation-delay=200><a href=\"#first-section\" class=\"scroll-down-arrow btn-smooth-scroll\" style=\"background-color: #ffffff;\"><\/a><\/div>[\/vc_column_inner][\/vc_row_inner][\/vc_column][\/vc_row][vc_row full_width=&#8221;stretch_row_content&#8221; kd_background_image_position=&#8221;vc_row-bg-position-top&#8221; css=&#8221;.vc_custom_1628591581981{margin-bottom: 0px !important;padding-top: 100px !important;}&#8221;][vc_column css=&#8221;.vc_custom_1597839056189{padding-right: 0px !important;padding-left: 0px !important;}&#8221;]<header class=\"kd-section-title col-lg-12 text-center  subtitle-above-title kd-animated fadeIn   vc_custom_1643707160675\" data-animation-delay=200><h2 class=\"separator_off\" >Wyjazdowe misje gospodarcze<\/h2><\/header>[\/vc_column][\/vc_row][vc_row kd_background_image_position=&#8221;vc_row-bg-position-top&#8221; css=&#8221;.vc_custom_1628591667503{padding-top: 0px !important;padding-bottom: 100px !important;}&#8221;][vc_column][vc_row_inner kd_background_image_position=&#8221;vc_row-bg-position-top&#8221;][vc_column_inner][vc_column_text]Firma Nomad Capital sp. z o.o. od niespe\u0142na 18 lat realizuje z sukcesami us\u0142ugi w zakresie analiz, consultingu, wsparcia bran\u017cowego w wielu krajach ze szczeg\u00f3lnym uwzgl\u0119dnieniem obszaru Eurazji i Bliskiego Wschodu \u00a0\u2013 gwarantuje to profesjonaln\u0105 organizacj\u0119 na miejscu oraz zwi\u0119kszony presti\u017c odbywanych spotka\u0144.<\/p>\n<p><strong>Proponujemy Pa\u0144stwu dwa rodzaje misji:<\/strong><\/p>\n<h4>Indywidualna misja gospodarcza (obejmuje misj\u0119 jednego podmiotu prawnego)<\/h4>\n<p>Ilo\u015b\u0107 os\u00f3b, program, termin i miejsce wyjazdu ustalane s\u0105 indywidualnie z firm\u0105 \u2013 uczestnikiem. Pozwala to zmaksymalizowa\u0107 efektywno\u015b\u0107 wyjazdu, dopasowuj\u0105c ka\u017cdy szczeg\u00f3\u0142 do jej oczekiwa\u0144.<\/p>\n<h4>Bran\u017cowa (multibran\u017cowa) misja gospodarcza (obejmuje wiele podmiot\u00f3w gospodarczych)<\/h4>\n<p>Jest to wyjazd wielu firm z jednej bran\u017cy lub kilku firm z r\u00f3\u017cnych bran\u017c. Ilo\u015b\u0107 os\u00f3b, program, termin i miejsce wyjazdu s\u0105 deklarowane uprzednio przez potencjalnych uczestnik\u00f3w, a nast\u0119pnie w drodze uzgodnie\u0144 opracowywany jest plan wyjazdu. Du\u017ca ilo\u015b\u0107 uczestnik\u00f3w w znacz\u0105cy spos\u00f3b podnosi rang\u0119 misji, co pozytywnie p\u0142ywa na ilo\u015b\u0107 potencjalnych partner\u00f3w, pojawiaj\u0105cych si\u0119 na spotkaniach na miejscu. Pozwala to r\u00f3wnie\u017c zredukowa\u0107 koszty wyjazdu.<\/p>\n<h4>Koordynacj\u0119 uczestnictwa w danej imprezie targowej<\/h4>\n<p>Wyjazd indywidualny lub grupowy na konkretn\u0105 imprez\u0119 targow\u0105 wraz z organizacj\u0105 przelotu, pobytu, organizacj\u0105 stoiska, zapewnieniem lokalnego zaplecza, spedycj\u0105 eksponat\u00f3w targowych.[\/vc_column_text][\/vc_column_inner][\/vc_row_inner][\/vc_column][\/vc_row]<\/p>\n","protected":false},"excerpt":{"rendered":"<p>[vc_row full_width=&#8221;stretch_row&#8221; kd_background_image_position=&#8221;vc_row-bg-position-top&#8221; kd_bottom_separator_style=&#8221;waves&#8221; kd_bottom_separator_height=&#8221;separator-height-large&#8221; kd_bottom_separator=&#8221;true&#8221; css=&#8221;.vc_custom_1606732309815{padding-top: 260px !important;padding-bottom: 260px !important;background-image: url(https:\/\/www.swaytheme.com\/static\/wp-content\/uploads\/sites\/3\/2020\/11\/services-creative.jpg?id=) !important;background-position: center !important;background-repeat: no-repeat !important;background-size: cover !important;}&#8221; el_class=&#8221;intro-section&#8221; [&hellip;]<\/p>\n","protected":false},"author":1,"featured_media":0,"parent":0,"menu_order":0,"comment_status":"closed","ping_status":"closed","template":"","meta":{"footnotes":""},"class_list":["post-10182","page","type-page","status-publish","hentry"],"_links":{"self":[{"href":"https:\/\/expowiza.com\/pl\/wp-json\/wp\/v2\/pages\/10182","targetHints":{"allow":["GET"]}}],"collection":[{"href":"https:\/\/expowiza.com\/pl\/wp-json\/wp\/v2\/pages"}],"about":[{"href":"https:\/\/expowiza.com\/pl\/wp-json\/wp\/v2\/types\/page"}],"author":[{"embeddable":true,"href":"https:\/\/expowiza.com\/pl\/wp-json\/wp\/v2\/users\/1"}],"replies":[{"embeddable":true,"href":"https:\/\/expowiza.com\/pl\/wp-json\/wp\/v2\/comments?post=10182"}],"version-history":[{"count":6,"href":"https:\/\/expowiza.com\/pl\/wp-json\/wp\/v2\/pages\/10182\/revisions"}],"predecessor-version":[{"id":10516,"href":"https:\/\/expowiza.com\/pl\/wp-json\/wp\/v2\/pages\/10182\/revisions\/10516"}],"wp:attachment":[{"href":"https:\/\/expowiza.com\/pl\/wp-json\/wp\/v2\/media?parent=10182"}],"curies":[{"name":"wp","href":"https:\/\/api.w.org\/{rel}","templated":true}]}}