{"id":10212,"date":"2022-02-01T11:11:42","date_gmt":"2022-02-01T10:11:42","guid":{"rendered":"https:\/\/wiza.hiwawa.tech\/?page_id=10212"},"modified":"2022-02-01T11:11:42","modified_gmt":"2022-02-01T10:11:42","slug":"polityka-prywatnosci","status":"publish","type":"page","link":"https:\/\/expowiza.com\/pl\/polityka-prywatnosci\/","title":{"rendered":"Polityka prywatno\u015bci"},"content":{"rendered":"\r\n\r\n&nbsp;\r\n<ul>\r\n \t<li><strong> 1<\/strong><\/li>\r\n<\/ul>\r\n<ol>\r\n \t<li>Administratorem danych osobowych podanych przez Pa\u0144stwa jest <strong>Nomad Capital sp. z o.o. <\/strong>z siedzib\u0105 w Warszawie ul. Marsza\u0142kowska 9\/15, 00-626 Warszawa posiadaj\u0105cym NIP 7252219026, zwana dalej Administratorem; Administrator prowadzi operacje przetwarzania Pani\/Pana danych osobowych.\r\n<ul>\r\n \t<li>Z Administratorem mo\u017cna skontaktowa\u0107 si\u0119 pisemnie za po\u015brednictwem poczty tradycyjnej pod adresem: Marsza\u0142kowska 9\/15, 00-626 Warszawa lub w drodze korespondencji elektronicznej pod adresem e-mail: info@nomadcapital.eu<\/li>\r\n<\/ul>\r\n<\/li>\r\n \t<li>Podstaw\u0105 przetwarzania Pa\u0144stwa danych osobowych jest:\r\n<ul>\r\n \t<li>Pa\u0144stwa zgoda na przetwarzanie danych osobowych oraz otrzymywanie komunikacji marketingowej, w szczeg\u00f3lno\u015bci wyra\u017cona za po\u015brednictwem formularza zamieszczonego na stronach internetowych wykorzystywanych przez Administratora do prowadzenia dzia\u0142alno\u015bci gospodarczej,<\/li>\r\n \t<li>niezb\u0119dno\u015b\u0107 wynikaj\u0105ca z prawnie uzasadnionych interes\u00f3w realizowanych przez Administratora, takich jak przekazywanie informacji o prowadzonej przez Administratora dzia\u0142alno\u015bci gospodarczej oraz oferowanych produktach, rzetelne wykonywanie zaci\u0105gni\u0119tych przez Administratora zobowi\u0105za\u0144, w szczeg\u00f3lno\u015bci realizacja um\u00f3w, oferowanie produkt\u00f3w\/us\u0142ug o jak najwy\u017cszym standardzie, a tak\u017ce przekazywanie informacji o Administratorze. Przetwarzanie danych osobowych we wzmiankowanym zakresie mie\u015bci si\u0119 w obr\u0119bie dzia\u0142alno\u015bci gospodarczej prowadzonej przez Administratora i jest niezb\u0119dne do dostarczania klientom informacji, produkt\u00f3w oraz us\u0142ug.<\/li>\r\n \t<li>w przypadku zawarcia umowy \u2013 konieczno\u015b\u0107 rzetelnego wykonania zobowi\u0105za\u0144 z niej wynikaj\u0105cych.<\/li>\r\n<\/ul>\r\n<\/li>\r\n \t<li>Pa\u0144stwa dane osobowe przetwarzane b\u0119d\u0105 w celu:<\/li>\r\n<\/ol>\r\n<ul>\r\n \t<li>przedstawienia oferty dotycz\u0105cej \u015bwiadczonych przez Administratora us\u0142ug lub oferowanych produkt\u00f3w, a tak\u017ce informacji o wprowadzanych nowych rozwi\u0105zaniach,<\/li>\r\n \t<li>przekazywanie informacji oraz komunikat\u00f3w o charakterze marketingowym,<\/li>\r\n \t<li>przekazywanie informacji o spotkaniach, promocjach oraz inne zwi\u0105zane z prowadzon\u0105 przez Administratora dzia\u0142alno\u015bci\u0105,<\/li>\r\n \t<li>w przypadku zawarcia umowy z Administratorem obejmuj\u0105cej \u015bwiadczenie us\u0142ug Pa\u0144stwa dane b\u0119d\u0105 wykorzystywane w celach zwi\u0105zanych z rzeteln\u0105 realizacj\u0105 takiej umowy, w tym w calach rachunkowych oraz realizacji reklamacji,<\/li>\r\n<\/ul>\r\n<ol start=\"5\">\r\n \t<li>Pa\u0144stwa dane osobowe mog\u0105 by\u0107 udost\u0119pniane odbiorcom, kt\u00f3rzy bezpo\u015brednio wykonuj\u0105 czynno\u015bci w ramach wykonywanych us\u0142ug (m.in. podwykonawcom) lub odbiorcom, za po\u015brednictwem kt\u00f3rych Administrator realizuje dzia\u0142ania o charakterze marketingowym lub informacyjnym.<\/li>\r\n \t<li>Pa\u0144stwa dane osobowe mog\u0105 zosta\u0107 przekazane r\u00f3wnie\u017c podmiotowi \u015bwiadcz\u0105cemu na rzecz Administratora us\u0142ugi hostingowe, posiadaj\u0105cemu odpowiednie zabezpieczenia przed dost\u0119pem os\u00f3b trzecich do przechowywanych danych.<\/li>\r\n \t<li>Pa\u0144stwa dane osobowe nie b\u0119d\u0105 przekazywane do odbiorc\u00f3w maj\u0105cych siedzib\u0119 w\u00a0pa\u0144stwie trzecim, tj. poza Europejski Obszar Gospodarczy chyba, \u017ce b\u0119dzie to niezb\u0119dne do rzetelnego wykonania umowy z Pa\u0144stwem zawartej.<\/li>\r\n \t<li>Posiadaj\u0105 Pa\u0144stwo prawo do:<\/li>\r\n<\/ol>\r\n<ul>\r\n \t<li>\u017c\u0105dania od Administratora dost\u0119pu do swoich danych osobowych, ich sprostowania, usuni\u0119cia lub ograniczenia przetwarzania danych osobowych,<\/li>\r\n \t<li>wniesienia sprzeciwu wobec takiego przetwarzania,<\/li>\r\n \t<li>przenoszenia danych,<\/li>\r\n \t<li>wniesienia skargi do organu nadzorczego.<\/li>\r\n<\/ul>\r\nZ powy\u017cszych uprawnie\u0144 mo\u017cna skorzysta\u0107 poprzez przekazanie wniosku za po\u015brednictwem danych, o kt\u00f3rych mowa w ust. 3 powy\u017cej.\r\n<ol start=\"9\">\r\n \t<li>Pa\u0144stwa dane osobowe nie b\u0119d\u0105 podlega\u0142y zautomatyzowanemu podejmowaniu decyzji, w\u00a0tym profilowaniu,<\/li>\r\n \t<li>Pa\u0144stwa dane osobowe b\u0119d\u0105 przetwarzane:<\/li>\r\n<\/ol>\r\n<ul>\r\n \t<li>na podstawie udzielonej zgody \u2013 do czasu jej cofni\u0119cia lub ustania celu, dla jakiego dane zosta\u0142y zgromadzone. Udzielona zgoda mo\u017ce zosta\u0107 cofni\u0119ta w ka\u017cdym czasie bez wp\u0142ywu na zgodno\u015b\u0107 z prawem przetwarzania, kt\u00f3rego dokonano na podstawie zgody przed jej cofni\u0119ciem<\/li>\r\n \t<li>w zwi\u0105zku z realizacj\u0105 umowy zawartej z Administratorem \u2013 do czasu up\u0142ywu terminu w kt\u00f3rym Administrator lub Pa\u0144stwo mog\u0105 dochodzi\u0107 roszcze\u0144 zwi\u0105zanych z zawart\u0105 umow\u0105, lub do up\u0142ywu terminu, w kt\u00f3rym mo\u017ce zosta\u0107 wszcz\u0119te post\u0119powanie przez organy administracji publicznej w zwi\u0105zku z wykonaniem umowy,<\/li>\r\n \t<li>w zwi\u0105zku z prowadzeniem dzia\u0142a\u0144 marketingowych i informacyjnych \u2013 do czasu zako\u0144czenia prowadzenia przez Administratora dzia\u0142a\u0144 polegaj\u0105cych na oferowaniu produkt\u00f3w i us\u0142ug oraz prowadzenia kampanii marketingowych.<\/li>\r\n<\/ul>\r\n<strong>\u00a0<\/strong>\r\n<ul>\r\n \t<li><strong> 2<\/strong><\/li>\r\n<\/ul>\r\n<ol>\r\n \t<li>Serwis z kt\u00f3rego Pa\u0144stwo korzystaj\u0105, dost\u0119pny pod adresem: <a href=\"http:\/\/expowiza.com\/\">com<\/a> (Serwis), nie zbiera w spos\u00f3b automatyczny \u017cadnych informacji, z wyj\u0105tkiem informacji zawartych w plikach cookies.<\/li>\r\n \t<li>Pliki cookies (tzw. \u201eciasteczka\u201d) stanowi\u0105 dane informatyczne, w szczeg\u00f3lno\u015bci pliki tekstowe, kt\u00f3re przechowywane s\u0105 w urz\u0105dzeniu ko\u0144cowym wykorzystywanym przez Pa\u0144stwa do korzystania z Serwisu i\u00a0umo\u017cliwiaj\u0105 korzystanie z niego. Cookies zazwyczaj zawieraj\u0105 nazw\u0119 strony internetowej, z kt\u00f3rej pochodz\u0105, czas przechowywania ich na urz\u0105dzeniu ko\u0144cowym oraz unikalny numer.<\/li>\r\n \t<li>Podmiotem zamieszczaj\u0105cym na Pa\u0144stwa urz\u0105dzeniu ko\u0144cowym pliki cookies oraz uzyskuj\u0105cym do nich dost\u0119p jest Administrator.<\/li>\r\n \t<li>Pliki cookies wykorzystywane s\u0105 w celu:<\/li>\r\n \t<li>dostosowania zawarto\u015bci stron internetowych Serwisu do preferencji u\u017cytkownika oraz optymalizacji korzystania ze stron internetowych; w szczeg\u00f3lno\u015bci pliki te pozwalaj\u0105 rozpozna\u0107 urz\u0105dzenie u\u017cytkownika Serwisu i odpowiednio wy\u015bwietli\u0107 stron\u0119 internetow\u0105, dostosowan\u0105 do jego indywidualnych potrzeb;<\/li>\r\n \t<li>tworzenia statystyk, kt\u00f3re pomagaj\u0105 zrozumie\u0107, w jaki spos\u00f3b u\u017cytkownicy Serwisu korzystaj\u0105 ze stron internetowych, co umo\u017cliwia ulepszanie ich struktury i zawarto\u015bci;<\/li>\r\n \t<li>utrzymanie sesji u\u017cytkownika Serwisu (po zalogowaniu), dzi\u0119ki kt\u00f3rej u\u017cytkownik nie musi na ka\u017cdej podstronie Serwisu ponownie wpisywa\u0107 loginu i has\u0142a;<\/li>\r\n \t<li>W ramach Serwisu stosowane s\u0105 nast\u0119puj\u0105ce rodzaje plik\u00f3w cookies:<\/li>\r\n \t<li>\u201eniezb\u0119dne\u201d pliki cookies, umo\u017cliwiaj\u0105ce korzystanie z us\u0142ug dost\u0119pnych w ramach Serwisu, np. uwierzytelniaj\u0105ce pliki cookies wykorzystywane do us\u0142ug wymagaj\u0105cych uwierzytelniania w ramach Serwisu;<\/li>\r\n \t<li>pliki cookies s\u0142u\u017c\u0105ce do zapewnienia bezpiecze\u0144stwa, np. wykorzystywane do wykrywania nadu\u017cy\u0107 w zakresie uwierzytelniania w ramach Serwisu;<\/li>\r\n \t<li>\u201ewydajno\u015bciowe\u201d pliki cookies, umo\u017cliwiaj\u0105ce zbieranie informacji o sposobie korzystania ze stron internetowych Serwisu;<\/li>\r\n \t<li>\u201efunkcjonalne\u201d pliki cookies, umo\u017cliwiaj\u0105ce \u201ezapami\u0119tanie\u201d wybranych przez u\u017cytkownika ustawie\u0144 i personalizacj\u0119 interfejsu u\u017cytkownika, np. w zakresie wybranego j\u0119zyka lub regionu, z kt\u00f3rego pochodzi u\u017cytkownik, rozmiaru czcionki, wygl\u0105du strony internetowej itp.;<\/li>\r\n \t<li>\u201ereklamowe\u201d pliki cookies, umo\u017cliwiaj\u0105ce dostarczanie u\u017cytkownikom tre\u015bci reklamowych bardziej dostosowanych do ich zainteresowa\u0144.<\/li>\r\n \t<li>W wielu przypadkach oprogramowanie s\u0142u\u017c\u0105ce do przegl\u0105dania stron internetowych (przegl\u0105darka internetowa) domy\u015blnie dopuszcza przechowywanie plik\u00f3w cookies w urz\u0105dzeniu ko\u0144cowym u\u017cytkownika. U\u017cytkownicy Serwisu mog\u0105 dokona\u0107 w ka\u017cdym czasie zmiany ustawie\u0144 dotycz\u0105cych plik\u00f3w cookies. Ustawienia te mog\u0105 zosta\u0107 zmienione w szczeg\u00f3lno\u015bci w taki spos\u00f3b, aby blokowa\u0107 automatyczn\u0105 obs\u0142ug\u0119 plik\u00f3w cookies w ustawieniach przegl\u0105darki internetowej b\u0105d\u017a informowa\u0107 o ich ka\u017cdorazowym zamieszczeniu w urz\u0105dzeniu u\u017cytkownika Serwisu. Szczeg\u00f3\u0142owe informacje o mo\u017cliwo\u015bci i sposobach obs\u0142ugi plik\u00f3w cookies dost\u0119pne s\u0105 w ustawieniach oprogramowania (przegl\u0105darki internetowej).<\/li>\r\n \t<li>Administrator informuje, \u017ce ograniczenia stosowania plik\u00f3w cookies mog\u0105 wp\u0142yn\u0105\u0107 na niekt\u00f3re funkcjonalno\u015bci dost\u0119pne na stronach internetowych Serwisu.<\/li>\r\n \t<li>Pliki cookies zamieszczane w urz\u0105dzeniu ko\u0144cowym u\u017cytkownika Serwisu i wykorzystywane mog\u0105 by\u0107 r\u00f3wnie\u017c przez wsp\u00f3\u0142pracuj\u0105cych z operatorem Serwisu reklamodawc\u00f3w oraz partner\u00f3<\/li>\r\n \t<li>Wi\u0119cej informacji na temat plik\u00f3w cookies znajdziesz pod adresem\u00a0<a href=\"http:\/\/wszystkoociasteczkach.pl\/\">http:\/\/wszystkoociasteczkach.pl\/<\/a>lub w sekcji \u201ePomoc\u201d w menu przegl\u0105darki internetowej.<\/li>\r\n<\/ol>\r\n<strong>\u00a0<\/strong>\r\n\r\n<strong>\u00a0<\/strong>\r\n<ul>\r\n \t<li><strong> 3<\/strong><\/li>\r\n<\/ul>\r\n<ol>\r\n \t<li>Administrator sformu\u0142owa\u0142 poszczeg\u00f3lne cele w\u00a0zakresie bezpiecze\u0144stwa danych osobowych i podj\u0105\u0142 dzia\u0142ania niezb\u0119dne do ich zaistnienia w prowadzonym przez niego przedsi\u0119biorstwie:\r\n<ul>\r\n \t<li>zapewnienie przetwarzania danych osobowych zgodnie z prawem, rzetelnie i w spos\u00f3b przejrzysty dla osoby, kt\u00f3rej dane dotycz\u0105 (&#8220;zgodno\u015b\u0107 z prawem, rzetelno\u015b\u0107 i przejrzysto\u015b\u0107&#8221;);<\/li>\r\n \t<li>zapewnienie zbierania danych osobowych w konkretnych, wyra\u017anych i prawnie uzasadnionych celach i nieprzetwarzanie dalej w spos\u00f3b niezgodny z tymi celami; (&#8220;ograniczenie celu&#8221;);<\/li>\r\n \t<li>zapewnienie zbierania danych osobowych adekwatne, stosowne oraz ograniczone do tego, co niezb\u0119dne do cel\u00f3w, w kt\u00f3rych s\u0105 przetwarzane (&#8220;minimalizacja danych&#8221;);<\/li>\r\n \t<li>Administrator podejmuje dzia\u0142ania, aby dane osobowe by\u0142y prawid\u0142owe i w razie potrzeby uaktualniane, a tak\u017ce wszelkie rozs\u0105dne dzia\u0142ania, aby dane osobowe, kt\u00f3re s\u0105 nieprawid\u0142owe w \u015bwietle cel\u00f3w ich przetwarzania, zosta\u0142y niezw\u0142ocznie usuni\u0119te lub sprostowane (&#8220;prawid\u0142owo\u015b\u0107&#8221;);<\/li>\r\n \t<li>Administrator podejmuje dzia\u0142ania, aby dane osobowe by\u0142y przechowywane w formie umo\u017cliwiaj\u0105cej identyfikacj\u0119 osoby, kt\u00f3rej one dotycz\u0105, przez okres nie d\u0142u\u017cszy, ni\u017c jest to niezb\u0119dne do cel\u00f3w, w kt\u00f3rych dane te s\u0105 przetwarzane (&#8220;ograniczenie przechowywania&#8221;);<\/li>\r\n \t<li>Administrator podejmuje dzia\u0142ania, aby dane osobowe by\u0142y przetwarzane w spos\u00f3b zapewniaj\u0105cy ich odpowiednie bezpiecze\u0144stwo, w tym ochron\u0119 przed niedozwolonym lub niezgodnym z prawem przetwarzaniem oraz przypadkow\u0105 utrat\u0105, zniszczeniem lub uszkodzeniem, za pomoc\u0105 odpowiednich \u015brodk\u00f3w technicznych lub organizacyjnych (&#8220;integralno\u015b\u0107 i poufno\u015b\u0107&#8221;).<\/li>\r\n<\/ul>\r\n<\/li>\r\n \t<li>Cele wskazane w ust. 1 realizowane s\u0105 poprzez podejmowanie odpowiednich dzia\u0142a\u0144 i\u00a0stosowanie efektywnych zabezpiecze\u0144, kt\u00f3re obejmuj\u0105 w szczeg\u00f3lno\u015bci:\r\n<ul>\r\n \t<li>odpowiednie zabezpieczenie system\u00f3w informatycznych, w kt\u00f3rych dane osobowe s\u0105 przetwarzane,<\/li>\r\n \t<li>sta\u0142e podnoszenie \u015bwiadomo\u015bci i wiedzy pracownik\u00f3w\/wsp\u00f3\u0142pracownik\u00f3w w zakresie bezpiecze\u0144stwa danych osobowych,<\/li>\r\n \t<li>zakomunikowanie pracownikom\/wsp\u00f3\u0142pracownikom konsekwencji, w tym dyscyplinarnych, w\u00a0przypadku naruszenia bezpiecze\u0144stwa danych osobowych,<\/li>\r\n \t<li>przydzielanie dost\u0119pu do dokument\u00f3w, materia\u0142\u00f3w lub system\u00f3w, zawieraj\u0105cych dane osobowe, tylko osobom upowa\u017cnionym,<\/li>\r\n \t<li>zabezpieczenie dokument\u00f3w, materia\u0142\u00f3w lub system\u00f3w przed utrat\u0105 lub zniszczeniem zawartych w nich danych osobowych,<\/li>\r\n \t<li>wdro\u017cenie szczeg\u00f3\u0142owych zasad okre\u015blaj\u0105cych spos\u00f3b zarz\u0105dzania uprawnieniami u\u017cytkownik\u00f3w i zasadami uwierzytelniania, we wszystkich systemach eksploatowanych u Administratora,<\/li>\r\n \t<li>przeprowadzanie gruntownych test\u00f3w w procesie przygotowania nowego oprogramowania,<\/li>\r\n \t<li>raportowanie incydent\u00f3w zwi\u0105zanych z bezpiecze\u0144stwem informacji,<\/li>\r\n \t<li>regularna analiza ryzyka w obszarze bezpiecze\u0144stwa informacji i projektowanie dzia\u0142a\u0144 minimalizuj\u0105cych potencjalne ryzyka,<\/li>\r\n \t<li>powierzanie danych osobowych wy\u0142\u0105cznie takim podmiotom trzecim, kt\u00f3re zapewniaj\u0105 wystarczaj\u0105ce gwarancje wdro\u017cenia odpowiednich \u015brodk\u00f3w technicznych i organizacyjnych, by przetwarzanie spe\u0142nia\u0142o wymogi powszechnie obowi\u0105zuj\u0105cych przepis\u00f3w prawa, niniejszego dokumentu oraz chroni\u0142o prawa os\u00f3b, kt\u00f3rych dane dotycz\u0105.<\/li>\r\n<\/ul>\r\n<\/li>\r\n \t<li>Uwzgl\u0119dniaj\u0105c stan wiedzy technicznej, koszt wdra\u017cania oraz charakter, zakres, kontekst i cele przetwarzania oraz ryzyko naruszenia praw lub wolno\u015bci os\u00f3b fizycznych o\u00a0r\u00f3\u017cnym prawdopodobie\u0144stwie wyst\u0105pienia i wadze zagro\u017cenia wynikaj\u0105cej z\u00a0przetwarzania, Administrator wdro\u017cy\u0142 &#8211; zar\u00f3wno przy okre\u015blaniu sposob\u00f3w przetwarzania, jak i w czasie samego przetwarzania &#8211; odpowiednie \u015brodki techniczne i organizacyjne, zaprojektowane w celu skutecznej realizacji zasad ochrony danych tak, by spe\u0142ni\u0107 wymogi wynikaj\u0105ce z powszechnie obowi\u0105zuj\u0105cych przepis\u00f3w prawa oraz chroni\u0107 prawa os\u00f3b, kt\u00f3rych dane dotycz\u0105.<\/li>\r\n<\/ol>\r\n&nbsp;","protected":false},"excerpt":{"rendered":"<p>&nbsp; 1 Administratorem danych osobowych podanych przez Pa\u0144stwa jest Nomad Capital sp. z o.o. z siedzib\u0105 w Warszawie ul. Marsza\u0142kowska [&hellip;]<\/p>\n","protected":false},"author":1,"featured_media":0,"parent":0,"menu_order":0,"comment_status":"closed","ping_status":"closed","template":"","meta":{"footnotes":""},"class_list":["post-10212","page","type-page","status-publish","hentry"],"_links":{"self":[{"href":"https:\/\/expowiza.com\/pl\/wp-json\/wp\/v2\/pages\/10212","targetHints":{"allow":["GET"]}}],"collection":[{"href":"https:\/\/expowiza.com\/pl\/wp-json\/wp\/v2\/pages"}],"about":[{"href":"https:\/\/expowiza.com\/pl\/wp-json\/wp\/v2\/types\/page"}],"author":[{"embeddable":true,"href":"https:\/\/expowiza.com\/pl\/wp-json\/wp\/v2\/users\/1"}],"replies":[{"embeddable":true,"href":"https:\/\/expowiza.com\/pl\/wp-json\/wp\/v2\/comments?post=10212"}],"version-history":[{"count":1,"href":"https:\/\/expowiza.com\/pl\/wp-json\/wp\/v2\/pages\/10212\/revisions"}],"predecessor-version":[{"id":10213,"href":"https:\/\/expowiza.com\/pl\/wp-json\/wp\/v2\/pages\/10212\/revisions\/10213"}],"wp:attachment":[{"href":"https:\/\/expowiza.com\/pl\/wp-json\/wp\/v2\/media?parent=10212"}],"curies":[{"name":"wp","href":"https:\/\/api.w.org\/{rel}","templated":true}]}}