{"id":10250,"date":"2022-02-01T11:58:36","date_gmt":"2022-02-01T10:58:36","guid":{"rendered":"https:\/\/wiza.hiwawa.tech\/?page_id=10250"},"modified":"2022-02-01T11:59:16","modified_gmt":"2022-02-01T10:59:16","slug":"wizy","status":"publish","type":"page","link":"https:\/\/expowiza.com\/pl\/wizy\/","title":{"rendered":"Wizy"},"content":{"rendered":"<p>[vc_row kd_background_image_position=&#8221;vc_row-bg-position-top&#8221;][vc_column][vc_empty_space height=&#8221;50px&#8221;][vc_column_text]Expowiza od swojego zarania zajmuje si\u0119 us\u0142ugami konsularnymi, a przede wszystkim obs\u0142ug\u0105 przy uzyskaniu wiz do wszystkich pa\u0144stw \u015bwiata oraz legalizacj\u0105 dokument\u00f3w w plac\u00f3wkach dyplomatycznych.<\/p>\n<p>Obecnie ze wzgl\u0119du na pandemie<span class=\"Apple-converted-space\">\u00a0 <\/span>ruch transgraniczny jest ograniczony. Prosimy o sprawdzanie oraz kontakt z naszym biurem w celu weryfikacji czy wyjazd do danego pa\u0144stwa w danym momencie jest mo\u017cliwy.[\/vc_column_text][\/vc_column][\/vc_row]<\/p>\n","protected":false},"excerpt":{"rendered":"<p>[vc_row kd_background_image_position=&#8221;vc_row-bg-position-top&#8221;][vc_column][vc_empty_space height=&#8221;50px&#8221;][vc_column_text]Expowiza od swojego zarania zajmuje si\u0119 us\u0142ugami konsularnymi, a przede wszystkim obs\u0142ug\u0105 przy uzyskaniu wiz do wszystkich pa\u0144stw [&hellip;]<\/p>\n","protected":false},"author":1,"featured_media":0,"parent":0,"menu_order":0,"comment_status":"closed","ping_status":"closed","template":"","meta":{"footnotes":""},"class_list":["post-10250","page","type-page","status-publish","hentry"],"_links":{"self":[{"href":"https:\/\/expowiza.com\/pl\/wp-json\/wp\/v2\/pages\/10250","targetHints":{"allow":["GET"]}}],"collection":[{"href":"https:\/\/expowiza.com\/pl\/wp-json\/wp\/v2\/pages"}],"about":[{"href":"https:\/\/expowiza.com\/pl\/wp-json\/wp\/v2\/types\/page"}],"author":[{"embeddable":true,"href":"https:\/\/expowiza.com\/pl\/wp-json\/wp\/v2\/users\/1"}],"replies":[{"embeddable":true,"href":"https:\/\/expowiza.com\/pl\/wp-json\/wp\/v2\/comments?post=10250"}],"version-history":[{"count":2,"href":"https:\/\/expowiza.com\/pl\/wp-json\/wp\/v2\/pages\/10250\/revisions"}],"predecessor-version":[{"id":10252,"href":"https:\/\/expowiza.com\/pl\/wp-json\/wp\/v2\/pages\/10250\/revisions\/10252"}],"wp:attachment":[{"href":"https:\/\/expowiza.com\/pl\/wp-json\/wp\/v2\/media?parent=10250"}],"curies":[{"name":"wp","href":"https:\/\/api.w.org\/{rel}","templated":true}]}}