{"id":10260,"date":"2022-02-01T12:03:33","date_gmt":"2022-02-01T11:03:33","guid":{"rendered":"https:\/\/wiza.hiwawa.tech\/?page_id=10260"},"modified":"2022-02-01T12:24:24","modified_gmt":"2022-02-01T11:24:24","slug":"dla-pracodawcow","status":"publish","type":"page","link":"https:\/\/expowiza.com\/pl\/uslugi-dla-cudzoziemcow\/dla-pracodawcow\/","title":{"rendered":"Dla pracodawc\u00f3w"},"content":{"rendered":"<p>[vc_row kd_background_image_position=&#8221;vc_row-bg-position-top&#8221;][vc_column][vc_empty_space height=&#8221;50px&#8221;][\/vc_column][\/vc_row][vc_row kd_background_image_position=&#8221;vc_row-bg-position-top&#8221;][vc_column][vc_column_text]Prowadzisz firm\u0119? Chcesz zatrudni\u0107 cudzoziemca?<\/p>\n<p>Zajmiemy si\u0119 tym!<\/p>\n<p>Oferujemy kompleksow\u0105 obs\u0142ug\u0119 firm przy uzyskaniu:<\/p>\n<p><span class=\"Apple-converted-space\">\u00a0<\/span>&#8211;<span class=\"Apple-converted-space\">\u00a0 <\/span>zezwolenia na prace,<span class=\"Apple-converted-space\">\u00a0<\/span><\/p>\n<ul>\n<li>o\u015bwiadczenia o powierzeniu pracy Urz\u0119du Pracy,<\/li>\n<li>karty pobytu<span class=\"Apple-converted-space\">\u00a0<\/span><\/li>\n<li>odwo\u0142anie od negatywnej decyzji Urz\u0119du ds.Cudzoziemc\u00f3w<\/li>\n<li>Sprawy zwi\u0105zane z deportacj\u0105 cudzoziemca<\/li>\n<\/ul>\n<p>[\/vc_column_text][\/vc_column][\/vc_row]<\/p>\n","protected":false},"excerpt":{"rendered":"<p>[vc_row kd_background_image_position=&#8221;vc_row-bg-position-top&#8221;][vc_column][vc_empty_space height=&#8221;50px&#8221;][\/vc_column][\/vc_row][vc_row kd_background_image_position=&#8221;vc_row-bg-position-top&#8221;][vc_column][vc_column_text]Prowadzisz firm\u0119? Chcesz zatrudni\u0107 cudzoziemca? Zajmiemy si\u0119 tym! Oferujemy kompleksow\u0105 obs\u0142ug\u0119 firm przy uzyskaniu: \u00a0&#8211;\u00a0 zezwolenia na [&hellip;]<\/p>\n","protected":false},"author":1,"featured_media":0,"parent":10277,"menu_order":0,"comment_status":"closed","ping_status":"closed","template":"","meta":{"footnotes":""},"class_list":["post-10260","page","type-page","status-publish","hentry"],"_links":{"self":[{"href":"https:\/\/expowiza.com\/pl\/wp-json\/wp\/v2\/pages\/10260","targetHints":{"allow":["GET"]}}],"collection":[{"href":"https:\/\/expowiza.com\/pl\/wp-json\/wp\/v2\/pages"}],"about":[{"href":"https:\/\/expowiza.com\/pl\/wp-json\/wp\/v2\/types\/page"}],"author":[{"embeddable":true,"href":"https:\/\/expowiza.com\/pl\/wp-json\/wp\/v2\/users\/1"}],"replies":[{"embeddable":true,"href":"https:\/\/expowiza.com\/pl\/wp-json\/wp\/v2\/comments?post=10260"}],"version-history":[{"count":2,"href":"https:\/\/expowiza.com\/pl\/wp-json\/wp\/v2\/pages\/10260\/revisions"}],"predecessor-version":[{"id":10268,"href":"https:\/\/expowiza.com\/pl\/wp-json\/wp\/v2\/pages\/10260\/revisions\/10268"}],"up":[{"embeddable":true,"href":"https:\/\/expowiza.com\/pl\/wp-json\/wp\/v2\/pages\/10277"}],"wp:attachment":[{"href":"https:\/\/expowiza.com\/pl\/wp-json\/wp\/v2\/media?parent=10260"}],"curies":[{"name":"wp","href":"https:\/\/api.w.org\/{rel}","templated":true}]}}