{"id":10277,"date":"2022-02-01T12:13:47","date_gmt":"2022-02-01T11:13:47","guid":{"rendered":"https:\/\/wiza.hiwawa.tech\/?page_id=10277"},"modified":"2022-02-01T12:13:47","modified_gmt":"2022-02-01T11:13:47","slug":"uslugi-dla-cudzoziemcow","status":"publish","type":"page","link":"https:\/\/expowiza.com\/pl\/uslugi-dla-cudzoziemcow\/","title":{"rendered":"Us\u0142ugi dla cudzoziemc\u00f3w"},"content":{"rendered":"<p>[vc_row kd_background_image_position=&#8221;vc_row-bg-position-top&#8221;][vc_column][vc_empty_space height=&#8221;50px&#8221;][\/vc_column][\/vc_row][vc_row kd_background_image_position=&#8221;vc_row-bg-position-top&#8221;][vc_column][vc_column_text]Czym si\u0119 zajmujemy:<\/p>\n<p>Legalizacja cudzoziemc\u00f3w w Polsce w tym:<\/p>\n<ul>\n<li>karta tymczasowego pobytu<\/li>\n<li>karta sta\u0142ego pobytu<\/li>\n<li>karta rezydenta d\u0142ugoterminowego<\/li>\n<li>obywatelstwo<\/li>\n<li>odwo\u0142ania<\/li>\n<li>zezwolenie na prac\u0119<\/li>\n<li>o\u015bwiadczenie o zamiarze zatrudnienia<\/li>\n<li>porady prawne dla cudzoziemc\u00f3w<\/li>\n<\/ul>\n<p>2. Wizy do wszystkich pa\u0144stw \u015bwiata<\/p>\n<p>3. Ubezpieczenia<\/p>\n<p>4. T\u0142umaczenia pisemne oraz ustne w tym:<\/p>\n<ul>\n<li>wymiana prawo jazdy na polskie<\/li>\n<\/ul>\n<p>5. Otwieranie firm oraz doradztwo<\/p>\n<p>6.Zdj\u0119cia do wiz oraz kart pobytu<\/p>\n<p>7. Kserokopii dokument\u00f3w[\/vc_column_text][\/vc_column][\/vc_row]<\/p>\n","protected":false},"excerpt":{"rendered":"<p>[vc_row kd_background_image_position=&#8221;vc_row-bg-position-top&#8221;][vc_column][vc_empty_space height=&#8221;50px&#8221;][\/vc_column][\/vc_row][vc_row kd_background_image_position=&#8221;vc_row-bg-position-top&#8221;][vc_column][vc_column_text]Czym si\u0119 zajmujemy: Legalizacja cudzoziemc\u00f3w w Polsce w tym: karta tymczasowego pobytu karta sta\u0142ego pobytu karta rezydenta [&hellip;]<\/p>\n","protected":false},"author":1,"featured_media":0,"parent":0,"menu_order":0,"comment_status":"closed","ping_status":"closed","template":"","meta":{"footnotes":""},"class_list":["post-10277","page","type-page","status-publish","hentry"],"_links":{"self":[{"href":"https:\/\/expowiza.com\/pl\/wp-json\/wp\/v2\/pages\/10277","targetHints":{"allow":["GET"]}}],"collection":[{"href":"https:\/\/expowiza.com\/pl\/wp-json\/wp\/v2\/pages"}],"about":[{"href":"https:\/\/expowiza.com\/pl\/wp-json\/wp\/v2\/types\/page"}],"author":[{"embeddable":true,"href":"https:\/\/expowiza.com\/pl\/wp-json\/wp\/v2\/users\/1"}],"replies":[{"embeddable":true,"href":"https:\/\/expowiza.com\/pl\/wp-json\/wp\/v2\/comments?post=10277"}],"version-history":[{"count":1,"href":"https:\/\/expowiza.com\/pl\/wp-json\/wp\/v2\/pages\/10277\/revisions"}],"predecessor-version":[{"id":10278,"href":"https:\/\/expowiza.com\/pl\/wp-json\/wp\/v2\/pages\/10277\/revisions\/10278"}],"wp:attachment":[{"href":"https:\/\/expowiza.com\/pl\/wp-json\/wp\/v2\/media?parent=10277"}],"curies":[{"name":"wp","href":"https:\/\/api.w.org\/{rel}","templated":true}]}}