{"id":10290,"date":"2022-01-04T20:57:11","date_gmt":"2022-01-04T19:57:11","guid":{"rendered":"https:\/\/wiza.hiwawa.tech\/odwolanie\/"},"modified":"2022-02-07T20:36:30","modified_gmt":"2022-02-07T19:36:30","slug":"odwolanie-od-negatywnej-decyzji","status":"publish","type":"page","link":"https:\/\/expowiza.com\/pl\/uslugi-dla-cudzoziemcow\/odwolanie-od-negatywnej-decyzji\/","title":{"rendered":"Odwo\u0142anie od negatywnej decyzji"},"content":{"rendered":"<p>[vc_row kd_background_image_position=&#8221;vc_row-bg-position-top&#8221; css=&#8221;.vc_custom_1641325080430{padding-top: 50px !important;padding-bottom: 50px !important;}&#8221;][vc_column][vc_column_text]Masz negatywn\u0105 decyzj\u0119? Skontaktuj si\u0119 z nami i pami\u0119taj, \u017ce masz 14 dni na odwo\u0142anie od daty otrzymania korespondencji.[\/vc_column_text][\/vc_column][\/vc_row]<\/p>\n","protected":false},"excerpt":{"rendered":"<p>[vc_row kd_background_image_position=&#8221;vc_row-bg-position-top&#8221; css=&#8221;.vc_custom_1641325080430{padding-top: 50px !important;padding-bottom: 50px !important;}&#8221;][vc_column][vc_column_text]Masz negatywn\u0105 decyzj\u0119? Skontaktuj si\u0119 z nami i pami\u0119taj, \u017ce masz 14 dni na [&hellip;]<\/p>\n","protected":false},"author":1,"featured_media":9809,"parent":10277,"menu_order":0,"comment_status":"closed","ping_status":"closed","template":"","meta":{"footnotes":""},"class_list":["post-10290","page","type-page","status-publish","has-post-thumbnail","hentry"],"_links":{"self":[{"href":"https:\/\/expowiza.com\/pl\/wp-json\/wp\/v2\/pages\/10290","targetHints":{"allow":["GET"]}}],"collection":[{"href":"https:\/\/expowiza.com\/pl\/wp-json\/wp\/v2\/pages"}],"about":[{"href":"https:\/\/expowiza.com\/pl\/wp-json\/wp\/v2\/types\/page"}],"author":[{"embeddable":true,"href":"https:\/\/expowiza.com\/pl\/wp-json\/wp\/v2\/users\/1"}],"replies":[{"embeddable":true,"href":"https:\/\/expowiza.com\/pl\/wp-json\/wp\/v2\/comments?post=10290"}],"version-history":[{"count":5,"href":"https:\/\/expowiza.com\/pl\/wp-json\/wp\/v2\/pages\/10290\/revisions"}],"predecessor-version":[{"id":10520,"href":"https:\/\/expowiza.com\/pl\/wp-json\/wp\/v2\/pages\/10290\/revisions\/10520"}],"up":[{"embeddable":true,"href":"https:\/\/expowiza.com\/pl\/wp-json\/wp\/v2\/pages\/10277"}],"wp:featuredmedia":[{"embeddable":true,"href":"https:\/\/expowiza.com\/pl\/wp-json\/wp\/v2\/media\/9809"}],"wp:attachment":[{"href":"https:\/\/expowiza.com\/pl\/wp-json\/wp\/v2\/media?parent=10290"}],"curies":[{"name":"wp","href":"https:\/\/api.w.org\/{rel}","templated":true}]}}