{"id":10340,"date":"2022-02-01T10:04:17","date_gmt":"2022-02-01T09:04:17","guid":{"rendered":"https:\/\/wiza.hiwawa.tech\/pozwolenia-na-prace\/"},"modified":"2022-02-01T10:04:17","modified_gmt":"2022-02-01T09:04:17","slug":"pozwolenia-na-prace","status":"publish","type":"page","link":"https:\/\/expowiza.com\/pl\/uslugi-dla-cudzoziemcow\/pozwolenia-na-prace\/","title":{"rendered":"Pozwolenia na prac\u0119"},"content":{"rendered":"<p>[vc_row kd_background_image_position=&#8221;vc_row-bg-position-top&#8221;][vc_column][vc_empty_space height=&#8221;50px&#8221;][vc_column_text]Cudzoziemcy chc\u0105cy podj\u0105\u0107 prac\u0119 w pa\u0144stwie polskim zobowi\u0105zani s\u0105 do posiadania odpowiednich zezwole\u0144. Ka\u017cde zezwolenie na prac\u0119 wydawane jest ze wzgl\u0119du na szczeg\u00f3ln\u0105 sytuacj\u0119 danego cudzoziemca, na jakim stanowisku, dla kogo i gdzie b\u0119dzie pracowa\u0142. Zezwolenie udzielane jest na czas oznaczony, nie d\u0142u\u017cszy jednak ni\u017c 3 lata, z mo\u017cliwo\u015bci\u0105 przed\u0142u\u017cenia.<\/p>\n<p>Jak wszystkie formalno\u015bci, r\u00f3wnie\u017c ta zwi\u0105zana z uzyskaniem pozwolenia na prac\u0119 mo\u017ce przyprawi\u0107 o b\u00f3l g\u0142owy. Dlatego proponujemy zaufa\u0107 naszej firmie w tym zakresie. Tego typu zezwolenia pozyskujemy od lat. Wiemy gdzie, jak i co nale\u017cy zrobi\u0107, aby nasi klienci otrzymali swoje dokumenty na czas. Oferujemy mo\u017cliwo\u015b\u0107 uzyskania ka\u017cdego z 6 dost\u0119pnych rodzaj\u00f3w zezwole\u0144 na prac\u0119 na terenie RP.<\/p>\n<p>Zaufaj naszemu do\u015bwiadczeniu! Zach\u0119camy do kontaktu &#8211; telefonicznie lub mailowo. Udzielimy wszelkich niezb\u0119dnych odpowiedzi, wskaz\u00f3wek i informacji.[\/vc_column_text][vc_empty_space height=&#8221;50px&#8221;][\/vc_column][\/vc_row]<\/p>\n","protected":false},"excerpt":{"rendered":"<p>[vc_row kd_background_image_position=&#8221;vc_row-bg-position-top&#8221;][vc_column][vc_empty_space height=&#8221;50px&#8221;][vc_column_text]Cudzoziemcy chc\u0105cy podj\u0105\u0107 prac\u0119 w pa\u0144stwie polskim zobowi\u0105zani s\u0105 do posiadania odpowiednich zezwole\u0144. Ka\u017cde zezwolenie na prac\u0119 wydawane [&hellip;]<\/p>\n","protected":false},"author":1,"featured_media":0,"parent":10277,"menu_order":0,"comment_status":"closed","ping_status":"closed","template":"","meta":{"footnotes":""},"class_list":["post-10340","page","type-page","status-publish","hentry"],"_links":{"self":[{"href":"https:\/\/expowiza.com\/pl\/wp-json\/wp\/v2\/pages\/10340","targetHints":{"allow":["GET"]}}],"collection":[{"href":"https:\/\/expowiza.com\/pl\/wp-json\/wp\/v2\/pages"}],"about":[{"href":"https:\/\/expowiza.com\/pl\/wp-json\/wp\/v2\/types\/page"}],"author":[{"embeddable":true,"href":"https:\/\/expowiza.com\/pl\/wp-json\/wp\/v2\/users\/1"}],"replies":[{"embeddable":true,"href":"https:\/\/expowiza.com\/pl\/wp-json\/wp\/v2\/comments?post=10340"}],"version-history":[{"count":0,"href":"https:\/\/expowiza.com\/pl\/wp-json\/wp\/v2\/pages\/10340\/revisions"}],"up":[{"embeddable":true,"href":"https:\/\/expowiza.com\/pl\/wp-json\/wp\/v2\/pages\/10277"}],"wp:attachment":[{"href":"https:\/\/expowiza.com\/pl\/wp-json\/wp\/v2\/media?parent=10340"}],"curies":[{"name":"wp","href":"https:\/\/api.w.org\/{rel}","templated":true}]}}