{"id":10423,"date":"2022-02-02T18:22:38","date_gmt":"2022-02-02T17:22:38","guid":{"rendered":"https:\/\/wiza.hiwawa.tech\/?page_id=10423"},"modified":"2022-02-02T18:29:26","modified_gmt":"2022-02-02T17:29:26","slug":"karty-pobytu","status":"publish","type":"page","link":"https:\/\/expowiza.com\/pl\/uslugi-dla-cudzoziemcow\/karty-pobytu\/","title":{"rendered":"Karty Pobytu"},"content":{"rendered":"<p>[vc_row kd_background_image_position=&#8221;vc_row-bg-position-top&#8221;][vc_column][vc_empty_space height=&#8221;50px&#8221;][vc_text_separator title=&#8221;Karty Tymczasowego Pobytu&#8221; title_align=&#8221;separator_align_left&#8221;][vc_empty_space height=&#8221;25px&#8221;][vc_column_text]<\/p>\n<ul class=\"\">\n<li class=\"\"><span class=\"\">Prac\u0119\u00a0<\/span><\/li>\n<li class=\"\"><span class=\"\">Nauk\u0119<\/span><\/li>\n<li class=\"\"><span class=\"\">Pobytu z rodzin\u0105<\/span><\/li>\n<li class=\"\"><span class=\"\">Pobyt z obywatelem RP<\/span><\/li>\n<li class=\"\"><span class=\"\">Inne okoliczno\u015bci<\/span><\/li>\n<\/ul>\n<p>[\/vc_column_text][vc_empty_space height=&#8221;50px&#8221;][\/vc_column][\/vc_row][vc_row kd_background_image_position=&#8221;vc_row-bg-position-top&#8221;][vc_column][vc_text_separator title=&#8221;Karty Sta\u0142ego Pobytu&#8221; title_align=&#8221;separator_align_left&#8221;][vc_empty_space height=&#8221;25px&#8221;][vc_column_text]<\/p>\n<div class=\"\">Zezwolenie na pobyt sta\u0142y udzielane jest w przypadkach okre\u015blonych w art. 195 ustawy o cudzoziemcach i dotyczy:<\/div>\n<ul class=\"\">\n<li class=\"\">Ma\u0142oletniego dziecka polskiego obywatela, pozostaj\u0105cego pod jego w\u0142adz\u0105 rodzicielsk\u0105;<\/li>\n<li class=\"\">Ma\u0142oletniego dziecka cudzoziemca, kt\u00f3remu udzielono zezwolenia na pobyt sta\u0142y lub zezwolenia na pobyt rezydenta d\u0142ugoterminowego UE, pozostaj\u0105cego pod jego w\u0142adz\u0105 rodzicielsk\u0105:<\/li>\n<\/ul>\n<p class=\"\">\u00a0&#8211; urodzonego po udzieleniu temu cudzoziemcowi zezwolenia na pobyt sta\u0142y lub zezwolenia na pobyt rezydenta d\u0142ugoterminowego UE, <b class=\"\">lub<\/b><br class=\"\" \/>\u00a0&#8211; urodzonego w okresie wa\u017cno\u015bci zezwolenia na pobyt czasowy udzielonego temu cudzoziemcowi lub w okresie pobytu tego cudzoziemca na terytorium Rzeczypospolitej Polskiej na podstawie zgody na pobyt ze wzgl\u0119d\u00f3w humanitarnych lub zgody na pobyt tolerowany albo w zwi\u0105zku z nadaniem mu statusu uchod\u017acy lub udzieleniem ochrony uzupe\u0142niaj\u0105cej.<\/p>\n<ul class=\"\">\n<li class=\"\">Ma\u0142\u017conka obywatela RP, kt\u00f3ry:<\/li>\n<\/ul>\n<p class=\"\">&#8211; pozostaje w uznawanym przez prawo Rzeczypospolitej Polskiej zwi\u0105zku ma\u0142\u017ce\u0144skim z obywatelem polskim i pozostawa\u0142 w tym zwi\u0105zku ma\u0142\u017ce\u0144skim przez co najmniej 3 lata przed dniem, w kt\u00f3rym z\u0142o\u017cy\u0142 wniosek o udzielenie mu zezwolenia na pobyt sta\u0142y, oraz<br class=\"\" \/>&#8211; bezpo\u015brednio przed z\u0142o\u017ceniem tego wniosku przebywa\u0142 nieprzerwanie na terytorium Rzeczypospolitej Polskiej przez okres nie kr\u00f3tszy ni\u017c 2 lata na podstawie zezwolenia na pobyt czasowy udzielonego w zwi\u0105zku z pozostawaniem w zwi\u0105zku ma\u0142\u017ce\u0144skim z tym obywatelem polskim (art. 158 ust. 1 pkt 1 ustawy o cudzoziemcach) lub w zwi\u0105zku z uzyskaniem statusu uchod\u017acy, ochrony uzupe\u0142niaj\u0105cej lub zgody na pobyt ze wzgl\u0119d\u00f3w humanitarnych.<\/p>\n<ul class=\"\">\n<li class=\"\">Osoby o polskim pochodzeniu, kt\u00f3ra zamierza osiedli\u0107 si\u0119 na terytorium Rzeczypospolitej Polskiej na sta\u0142e, a co najmniej jedno z jego rodzic\u00f3w lub dziadk\u00f3w albo dwoje pradziadk\u00f3w by\u0142o narodowo\u015bci polskiej.<\/li>\n<li class=\"\">Posiadacza wa\u017cnej Karty Polaka, kt\u00f3ry zamierza osiedli\u0107 si\u0119 na terytorium Rzeczypospolitej Polskiej na sta\u0142e.<\/li>\n<\/ul>\n<p>[\/vc_column_text][vc_empty_space height=&#8221;50px&#8221;][\/vc_column][\/vc_row][vc_row kd_background_image_position=&#8221;vc_row-bg-position-top&#8221;][vc_column][vc_text_separator title=&#8221;Zezwolenie na pobyt rezydenta d\u0142ugoterminowego UE&#8221; title_align=&#8221;separator_align_left&#8221;][vc_empty_space height=&#8221;25px&#8221;][vc_column_text]<\/p>\n<p class=\"\">Wniosek o udzielenie zezwolenia na pobyt rezydenta d\u0142ugoterminowego Unii Europejskiej mo\u017ce z\u0142o\u017cy\u0107\u00a0 cudzoziemiec, kt\u00f3ry przebywa na terytorium Rzeczypospolitej Polskiej legalnie i nieprzerwanie co najmniej przez 5 lat bezpo\u015brednio przed z\u0142o\u017ceniem wniosku o udzielenie tego zezwolenia i spe\u0142nia \u0142\u0105cznie nast\u0119puj\u0105ce warunki:<br class=\"\" \/><br class=\"\" \/><b class=\"\">1. <\/b>Posiada \u017ar\u00f3d\u0142o stabilnego i regularnego dochodu wystarczaj\u0105cego na pokrycie koszt\u00f3w utrzymania siebie i cz\u0142onk\u00f3w rodziny pozostaj\u0105cych na jego utrzymaniu;<br class=\"\" \/><b class=\"\">2.<\/b> Posiada ubezpieczenie zdrowotne w rozumieniu ustawy z dnia 27 sierpnia 2004 r. o \u015bwiadczeniach opieki zdrowotnej finansowanych ze \u015brodk\u00f3w publicznych lub potwierdzenie pokrycia przez ubezpieczyciela koszt\u00f3w leczenia na terytorium Rzeczypospolitej Polskiej.<br class=\"\" \/><b class=\"\">3. <\/b>Posiada potwierdzon\u0105 znajomo\u015b\u0107 j\u0119zyka polskiego.<\/p>\n<p class=\"\"><b class=\"\">UWAGA!<\/b> Dokumentami potwierdzaj\u0105cymi znajomo\u015b\u0107 j\u0119zyka polskiego s\u0105:<\/p>\n<p class=\"\">&#8211; urz\u0119dowe po\u015bwiadczenie znajomo\u015bci j\u0119zyka polskiego, tj. certyfikat wydany przez Pa\u0144stwow\u0105 Komisj\u0119 do spraw Po\u015bwiadczania Znajomo\u015bci J\u0119zyka Polskiego jako Obcego na poziomie bieg\u0142o\u015bci j\u0119zykowej co najmniej B1;<br class=\"\" \/>&#8211; \u015bwiadectwo uko\u0144czenia szko\u0142y w Polsce (np. szko\u0142y podstawowej, gimnazjum, liceum, technikum b\u0105d\u017a dyplom licencjacki lub magisterski wraz z suplementem, z kt\u00f3rego wynika, \u017ce j\u0119zykiem wyk\u0142adowym zaj\u0119\u0107 by\u0142 j\u0119zyk polski);<br class=\"\" \/>&#8211;\u00a0 \u015bwiadectwo uko\u0144czenia szko\u0142y za granic\u0105 z wyk\u0142adowym j\u0119zykiem polskim.<br class=\"\" \/>Jakiekolwiek certyfikaty i za\u015bwiadczenia wydane przez inne instytucje nie s\u0105 akceptowane.<\/p>\n<p class=\"\">Zezwolenie to udzielane jest na czas nieoznaczony. Na jego podstawie wydawana jest karta pobytu, wa\u017cna przez 5 lat.<\/p>\n<p class=\"\">Cudzoziemiec, kt\u00f3ry posiada zezwolenie na pobyt rezydenta d\u0142ugoterminowego UE, uprawniony jest do wykonywania pracy na terytorium Polski bez konieczno\u015bci posiadania zezwolenia na prac\u0119. W karcie pobytu, wydanej w zwi\u0105zku z udzieleniem cudzoziemcowi zezwolenia na pobyt rezydenta d\u0142ugoterminowego UE, zamieszczana jest adnotacja, dost\u0119p do rynku pracy.<\/p>\n<p>[\/vc_column_text][vc_empty_space height=&#8221;50px&#8221;][\/vc_column][\/vc_row]<\/p>\n","protected":false},"excerpt":{"rendered":"<p>[vc_row kd_background_image_position=&#8221;vc_row-bg-position-top&#8221;][vc_column][vc_empty_space height=&#8221;50px&#8221;][vc_text_separator title=&#8221;Karty Tymczasowego Pobytu&#8221; title_align=&#8221;separator_align_left&#8221;][vc_empty_space height=&#8221;25px&#8221;][vc_column_text] Prac\u0119\u00a0 Nauk\u0119 Pobytu z rodzin\u0105 Pobyt z obywatelem RP Inne okoliczno\u015bci [\/vc_column_text][vc_empty_space [&hellip;]<\/p>\n","protected":false},"author":1,"featured_media":0,"parent":10277,"menu_order":0,"comment_status":"closed","ping_status":"closed","template":"","meta":{"footnotes":""},"class_list":["post-10423","page","type-page","status-publish","hentry"],"_links":{"self":[{"href":"https:\/\/expowiza.com\/pl\/wp-json\/wp\/v2\/pages\/10423","targetHints":{"allow":["GET"]}}],"collection":[{"href":"https:\/\/expowiza.com\/pl\/wp-json\/wp\/v2\/pages"}],"about":[{"href":"https:\/\/expowiza.com\/pl\/wp-json\/wp\/v2\/types\/page"}],"author":[{"embeddable":true,"href":"https:\/\/expowiza.com\/pl\/wp-json\/wp\/v2\/users\/1"}],"replies":[{"embeddable":true,"href":"https:\/\/expowiza.com\/pl\/wp-json\/wp\/v2\/comments?post=10423"}],"version-history":[{"count":7,"href":"https:\/\/expowiza.com\/pl\/wp-json\/wp\/v2\/pages\/10423\/revisions"}],"predecessor-version":[{"id":10430,"href":"https:\/\/expowiza.com\/pl\/wp-json\/wp\/v2\/pages\/10423\/revisions\/10430"}],"up":[{"embeddable":true,"href":"https:\/\/expowiza.com\/pl\/wp-json\/wp\/v2\/pages\/10277"}],"wp:attachment":[{"href":"https:\/\/expowiza.com\/pl\/wp-json\/wp\/v2\/media?parent=10423"}],"curies":[{"name":"wp","href":"https:\/\/api.w.org\/{rel}","templated":true}]}}