{"id":9747,"date":"2022-01-25T13:03:20","date_gmt":"2022-01-25T12:03:20","guid":{"rendered":"https:\/\/wiza.hiwawa.tech\/?page_id=9747"},"modified":"2022-02-07T20:35:59","modified_gmt":"2022-02-07T19:35:59","slug":"obywatelstwo","status":"publish","type":"page","link":"https:\/\/expowiza.com\/pl\/uslugi-dla-cudzoziemcow\/obywatelstwo\/","title":{"rendered":"Obywatelstwo"},"content":{"rendered":"<p>[vc_row kd_background_image_position=&#8221;vc_row-bg-position-top&#8221;][vc_column][vc_empty_space height=&#8221;50px&#8221;][vc_column_text]S\u0105 2 tryby uzyskania polskiego obywatelstwa:<\/p>\n<ol>\n<li><span class=\"Apple-converted-space\">\u00a0<\/span>nabycie<\/li>\n<li>nadanie<\/li>\n<li>uznanie<\/li>\n<\/ol>\n<h3><\/h3>\n<h3>Nabycie obywatelstwa.<\/h3>\n<p>Sposoby:<\/p>\n<h5>1. urodzenie z rodzic\u00f3w, kt\u00f3re co najmniej jedno ma ob. RP &#8211; zasada \u201e Ius Sanguinis<\/h5>\n<p>Dziecko nabywa z mocy prawa obywatelstwo polskie przez urodzenie z rodzic\u00f3w, z kt\u00f3rych co najmniej jedno ma obywatelstwo polskie, bez wzgl\u0119du na miejsce urodzenia dziecka w Polsce czy za granic\u0105 (art. 14 pkt 1ustawy o obywatelstwie polskim).<span class=\"Apple-converted-space\">\u00a0<\/span><\/p>\n<h5>2. Urodzenie lub znalezienie dziecka w Polsce \u2013 zasada Ius Soli <span class=\"Apple-converted-space\">\u00a0<\/span><\/h5>\n<p>Zasada ta ma zastosowanie, gdy dziecko urodzi si\u0119 lub zostanie znalezione w Polsce, a oboje rodzice s\u0105 nieznani lub obywatelstwo ich jest nieokre\u015blone, b\u0105d\u017a nie maj\u0105 \u017cadnego obywatelstwa (art. 14 pkt 2 oraz art. 15 ustawy o obywatelstwie polskim). Dziecko takie z mocy prawa nabywa obywatelstwo polskie.<span class=\"Apple-converted-space\">\u00a0<\/span><\/p>\n<h5>3. Przysposobienie pe\u0142ne \u2013 adopcja <span class=\"Apple-converted-space\">\u00a0<\/span><\/h5>\n<p>Dziecko przysposobione przez osob\u0119 lub osoby maj\u0105ce obywatelstwo polskie nabywa to obywatelstwo, je\u017celi przysposobienie pe\u0142ne nast\u0105pi\u0142o przed uko\u0144czeniem przez niego 16 lat. W tym przypadku przyjmuje si\u0119, \u017ce ma\u0142oletni cudzoziemiec naby\u0142 obywatelstwo polskie z dniem urodzenia. Dziecko takie nabywa obywatelstwo polskie z mocy prawa<\/p>\n<h5>Nadanie:<\/h5>\n<p>Prezydent RP mo\u017ce nada\u0107 cudzoziemcowi, na jego wniosek, obywatelstwo polskie (art. 18 ustawy o obywatelstwie). Prezydent RP nie jest ograniczony w swoich konstytucyjnych kompetencjach \u017cadnymi warunkami i mo\u017ce nada\u0107 obywatelstwo polskie ka\u017cdemu cudzoziemcowi.<\/p>\n<p>Nadanie obywatelstwa polskiego obojgu rodzicom obejmuje dzieci pozostaj\u0105ce pod ich w\u0142adz\u0105 rodzicielsk\u0105.<\/p>\n<p>Nadanie obywatelstwa polskiego jednemu z rodzic\u00f3w obejmuje ma\u0142oletniego pozostaj\u0105cego pod jego w\u0142adz\u0105 rodzicielsk\u0105, w przypadku gdy drugiemu z rodzic\u00f3w nie przys\u0142uguje w\u0142adza rodzicielska lub<span class=\"Apple-converted-space\">\u00a0 <\/span>drugie z rodzic\u00f3w z\u0142o\u017cy\u0142o o\u015bwiadczenie o wyra\u017ceniu zgody na nabycie przez ma\u0142oletniego obywatelstwa polskiego.<\/p>\n<p>Rodzice mog\u0105 r\u00f3wnie\u017c wyst\u0105pi\u0107 z wnioskiem o nadanie polskiego obywatelstwa jedynie dla dziecka. Mo\u017ce si\u0119 zdarzy\u0107, \u017ce rodzice dziecka posiadaj\u0105 ju\u017c obywatelstwo polskie a dziecko z jaki\u015b przyczyn nie naby\u0142o tego obywatelstwa np. przysposobienie dziecka zosta\u0142o dokonane przed 15 sierpnia 2012 r.<\/p>\n<p>W przypadku uko\u0144czenia przez dziecko 16. roku \u017cycia, nadanie obywatelstwa nast\u0119puje jedynie za jego zgod\u0105.<\/p>\n<h3>Wniosek o nadanie obywatelstwa polskiego<\/h3>\n<p>Wniosek o nadanie obywatelstwa polskiego osoby zamieszka\u0142e w Polsce wnosz\u0105 za po\u015brednictwem wojewody w\u0142a\u015bciwego ze wzgl\u0119du na miejsce zamieszkania osoby zainteresowanej, a zamieszka\u0142e za granic\u0105 \u2013 za po\u015brednictwem w\u0142a\u015bciwego konsula. Sk\u0142ada si\u0119 go osobi\u015bcie lub korespondencyjne z podpisem po\u015bwiadczonym urz\u0119dowo.<\/p>\n<p>Dokumenty wydane w j\u0119zyku obcym nale\u017cy z\u0142o\u017cy\u0107 wraz z ich t\u0142umaczeniem na j\u0119zyk polski, sporz\u0105dzonym przez t\u0142umacza przysi\u0119g\u0142ego lub przez konsula RP.<\/p>\n<p>Szczeg\u00f3\u0142owy wykaz dokument\u00f3w niezb\u0119dnych do z\u0142o\u017cenia wniosku znajduje si\u0119 na stronach internetowych poszczeg\u00f3lnych urz\u0119d\u00f3w wojew\u00f3dzkich lub konsulat\u00f3w RP w poszczeg\u00f3lnych pa\u0144stwach.<\/p>\n<h5>Uznanie za obywatela polskiego<span class=\"Apple-converted-space\">\u00a0<\/span><\/h5>\n<p>W drodze uznania, o obywatelstwo polskie b\u0119d\u0105 mog\u0105 ubiega\u0107 si\u0119 cudzoziemcy zamieszkuj\u0105cy w Polsce na podstawie okre\u015blonych zezwole\u0144, kt\u00f3rzy w toku d\u0142ugoletniego legalnego pobytu w Polsce<span class=\"Apple-converted-space\">\u00a0 <\/span>&#8211; zintegrowali si\u0119 ze spo\u0142ecze\u0144stwem polskim,<span class=\"Apple-converted-space\">\u00a0 <\/span>&#8211; znaj\u0105 j\u0119zyk polski,<span class=\"Apple-converted-space\">\u00a0 <\/span>&#8211; maj\u0105 zapewnione mieszkanie i \u017ar\u00f3d\u0142a utrzymania,<span class=\"Apple-converted-space\">\u00a0 <\/span>&#8211; respektuj\u0105 polski porz\u0105dek prawny oraz nie stanowi\u0105 zagro\u017cenia dla obronno\u015bci lub bezpiecze\u0144stwa pa\u0144stwa, a zw\u0142aszcza uchod\u017acy, osoby bez obywatelstwa, dzieci oraz ma\u0142\u017conkowie obywateli polskich oraz osoby polskiego pochodzenia.<\/p>\n<h5>Za obywatela polskiego uznaje si\u0119 (art. 30 ust.1 ustawy):<\/h5>\n<p>pkt 1: cudzoziemca przebywaj\u0105cego nieprzerwanie na terytorium Rzeczypospolitej Polskiej co najmniej od 3 lat na podstawie zezwolenia na osiedlenie si\u0119, zezwolenia na pobyt rezydenta d\u0142ugoterminowego Wsp\u00f3lnot Europejskich lub na podstawie prawa sta\u0142ego pobytu, kt\u00f3ry ma w Polsce stabilne i regularne \u017ar\u00f3d\u0142o dochodu oraz tytu\u0142 prawny do zajmowania lokalu mieszkalnego;<\/p>\n<p>pkt 2: cudzoziemca przebywaj\u0105cego nieprzerwanie w Polsce co najmniej od 2 lat na podstawie zezwolenia na osiedlenie si\u0119, zezwolenia na pobyt rezydenta d\u0142ugoterminowego Wsp\u00f3lnot Europejskich lub prawa sta\u0142ego pobytu, kt\u00f3ry pozostaje co najmniej od 3 lat w zwi\u0105zku ma\u0142\u017ce\u0144skim zawartym z obywatelem polskim lub nie ma \u017cadnego obywatelstwa;<\/p>\n<p>pkt 3: cudzoziemca przebywaj\u0105cego nieprzerwanie na terytorium Rzeczypospolitej Polskiej co najmniej od 2 lat na podstawie zezwolenia na osiedlenie si\u0119, kt\u00f3re uzyska\u0142 w zwi\u0105zku z posiadaniem statusu uchod\u017acy nadanego w Polsce;<\/p>\n<p>pkt 4: ma\u0142oletniego cudzoziemca, kt\u00f3rego jedno z rodzic\u00f3w jest obywatelem polskim, przebywaj\u0105cego na terytorium Polski na podstawie zezwolenia na osiedlenie si\u0119, zezwolenia na pobyt rezydenta d\u0142ugoterminowego Wsp\u00f3lnot Europejskich lub prawa sta\u0142ego pobytu, a drugie z rodzic\u00f3w nieposiadaj\u0105ce obywatelstwa polskiego wyrazi\u0142o zgod\u0119 na to uznanie;<\/p>\n<p>pkt 5: ma\u0142oletniego cudzoziemca, kt\u00f3rego co najmniej jednemu z rodzic\u00f3w zosta\u0142o przywr\u00f3cone obywatelstwo polskie, je\u017celi ma\u0142oletni przebywa w Polsce na podstawie zezwolenia na osiedlenie si\u0119, zezwolenia na pobyt rezydenta d\u0142ugoterminowego Wsp\u00f3lnot Europejskich lub prawa sta\u0142ego pobytu, a drugie z rodzic\u00f3w nieposiadaj\u0105ce obywatelstwa polskiego wyrazi\u0142o zgod\u0119 na to uznanie;<\/p>\n<p>pkt 6: cudzoziemca przebywaj\u0105cego nieprzerwanie i legalnie w Polsce co najmniej od 10 lat, kt\u00f3ry spe\u0142nia \u0142\u0105cznie nast\u0119puj\u0105ce warunki ma zezwolenie na osiedlenie si\u0119, zezwolenie na pobyt rezydenta d\u0142ugoterminowego Wsp\u00f3lnot Europejskich lub prawo sta\u0142ego pobytu, oraz posiada w Rzeczypospolitej Polskiej stabilne i regularne \u017ar\u00f3d\u0142o dochodu oraz tytu\u0142 prawny do zajmowania lokalu mieszkalnego;<\/p>\n<p>pkt 7: cudzoziemca przebywaj\u0105cego nieprzerwanie w Polsce co najmniej od roku na podstawie zezwolenia na pobyt sta\u0142y, kt\u00f3re uzyska\u0142 w zwi\u0105zku z polskim pochodzeniem lub posiadan\u0105 Kart\u0105 Polaka.<\/p>\n<p>Jednocze\u015bnie ust. 2 przepisu art. 30 wymaga od cudzoziemca (z wyj\u0105tkiem pkt 4 i 5, tj. ma\u0142oletnich dzieci, kt\u00f3rych jedno z rodzic\u00f3w ma ju\u017c obywatelstwo polskie) ubiegaj\u0105cego si\u0119 o uznanie za obywatela polskiego, aby jego znajomo\u015b\u0107 j\u0119zyka polskiego by\u0142a potwierdzona urz\u0119dowym dokumentem (certyfikatem potwierdzaj\u0105cym znajomo\u015b\u0107 j\u0119zyka polskiego na poziomie bieg\u0142o\u015bci j\u0119zykowej co najmniej B1 albo \u015bwiadectwem uko\u0144czenia szko\u0142y w Polsce lub \u015bwiadectwem uko\u0144czenia szko\u0142y za granic\u0105 z wyk\u0142adowym j\u0119zykiem polskim).<\/p>\n<p>Uznanie nast\u0119puje na wniosek osoby zainteresowanej i rozci\u0105ga si\u0119 na dzieci uznanego za zgod\u0105 drugiego rodzica, a je\u017celi dziecko uko\u0144czy\u0142o 16 lat wymagana jest r\u00f3wnie\u017c jego zgod\u0105.<\/p>\n<p>Cudzoziemcowi odmawia si\u0119 uznania za obywatela polskiego, w przypadku gdy nie spe\u0142nia obligatoryjnych \u2013 wy\u017cej wskazanych \u2013 przes\u0142anek okre\u015blonych w art. 30 ust. 1 lub gdy nabycie przez niego obywatelstwa polskiego stanowi zagro\u017cenie dla obronno\u015bci lub bezpiecze\u0144stwa pa\u0144stwa albo ochrony bezpiecze\u0144stwa i porz\u0105dku publicznego.[\/vc_column_text][\/vc_column][\/vc_row]<\/p>\n","protected":false},"excerpt":{"rendered":"<p>[vc_row kd_background_image_position=&#8221;vc_row-bg-position-top&#8221;][vc_column][vc_empty_space height=&#8221;50px&#8221;][vc_column_text]S\u0105 2 tryby uzyskania polskiego obywatelstwa: \u00a0nabycie nadanie uznanie Nabycie obywatelstwa. Sposoby: 1. urodzenie z rodzic\u00f3w, kt\u00f3re co [&hellip;]<\/p>\n","protected":false},"author":1,"featured_media":0,"parent":10277,"menu_order":0,"comment_status":"closed","ping_status":"closed","template":"","meta":{"footnotes":""},"class_list":["post-9747","page","type-page","status-publish","hentry"],"_links":{"self":[{"href":"https:\/\/expowiza.com\/pl\/wp-json\/wp\/v2\/pages\/9747","targetHints":{"allow":["GET"]}}],"collection":[{"href":"https:\/\/expowiza.com\/pl\/wp-json\/wp\/v2\/pages"}],"about":[{"href":"https:\/\/expowiza.com\/pl\/wp-json\/wp\/v2\/types\/page"}],"author":[{"embeddable":true,"href":"https:\/\/expowiza.com\/pl\/wp-json\/wp\/v2\/users\/1"}],"replies":[{"embeddable":true,"href":"https:\/\/expowiza.com\/pl\/wp-json\/wp\/v2\/comments?post=9747"}],"version-history":[{"count":8,"href":"https:\/\/expowiza.com\/pl\/wp-json\/wp\/v2\/pages\/9747\/revisions"}],"predecessor-version":[{"id":10519,"href":"https:\/\/expowiza.com\/pl\/wp-json\/wp\/v2\/pages\/9747\/revisions\/10519"}],"up":[{"embeddable":true,"href":"https:\/\/expowiza.com\/pl\/wp-json\/wp\/v2\/pages\/10277"}],"wp:attachment":[{"href":"https:\/\/expowiza.com\/pl\/wp-json\/wp\/v2\/media?parent=9747"}],"curies":[{"name":"wp","href":"https:\/\/api.w.org\/{rel}","templated":true}]}}