{"id":9960,"date":"2022-01-04T20:47:42","date_gmt":"2022-01-04T19:47:42","guid":{"rendered":"https:\/\/wiza.hiwawa.tech\/wiza-do-wietnamu\/"},"modified":"2022-02-01T12:26:38","modified_gmt":"2022-02-01T11:26:38","slug":"wiza-do-wietnamu","status":"publish","type":"page","link":"https:\/\/expowiza.com\/pl\/wizy\/wiza-do-wietnamu\/","title":{"rendered":"Wiza do Wietnamu"},"content":{"rendered":"<p>[vc_row kd_background_image_position=&#8221;vc_row-bg-position-top&#8221; top_section_title=&#8221;&#8221; bottom_section_title=&#8221;&#8221; css=&#8221;.vc_custom_1641325080430{padding-top: 50px !important;padding-bottom: 50px !important;}&#8221;][vc_column][vc_column_text]<b>Prosta procedura<\/b> &#8211; wi\u0119kszo\u015b\u0107 wiz mo\u017cna uzyska\u0107 bez wychodzenia z domu, wype\u0142niaj\u0105c wniosek on-line<\/p>\n<p><b>Oszcz\u0119d\u017a czas<\/b> &#8211; nie musisz sta\u0107 w kolejkach w ambasadzie czy konsulacie, aby wype\u0142ni\u0107 wnioski lub uzyska\u0107 paszport<\/p>\n<p><b>Wysoka skuteczno\u015b\u0107<\/b> &#8211; profesjonalnie przygotowujemy dokumenty, dzi\u0119ki czemu ryzyko zmniejsza ryzyko nieuzyskania wizy<\/p>\n<p><b>Minimalizacja koszt\u00f3w<\/b> &#8211; cena naszej mediacji jest niewsp\u00f3\u0142miernie ni\u017csza ni\u017c koszt czasu lub ewentualnego noclegu w centrum wizowym[\/vc_column_text][\/vc_column][\/vc_row]<\/p>\n","protected":false},"excerpt":{"rendered":"<p>[vc_row kd_background_image_position=&#8221;vc_row-bg-position-top&#8221; top_section_title=&#8221;&#8221; bottom_section_title=&#8221;&#8221; css=&#8221;.vc_custom_1641325080430{padding-top: 50px !important;padding-bottom: 50px !important;}&#8221;][vc_column][vc_column_text]Prosta procedura &#8211; wi\u0119kszo\u015b\u0107 wiz mo\u017cna uzyska\u0107 bez wychodzenia z domu, wype\u0142niaj\u0105c [&hellip;]<\/p>\n","protected":false},"author":1,"featured_media":9809,"parent":10250,"menu_order":0,"comment_status":"closed","ping_status":"closed","template":"","meta":{"footnotes":""},"class_list":["post-9960","page","type-page","status-publish","has-post-thumbnail","hentry"],"_links":{"self":[{"href":"https:\/\/expowiza.com\/pl\/wp-json\/wp\/v2\/pages\/9960","targetHints":{"allow":["GET"]}}],"collection":[{"href":"https:\/\/expowiza.com\/pl\/wp-json\/wp\/v2\/pages"}],"about":[{"href":"https:\/\/expowiza.com\/pl\/wp-json\/wp\/v2\/types\/page"}],"author":[{"embeddable":true,"href":"https:\/\/expowiza.com\/pl\/wp-json\/wp\/v2\/users\/1"}],"replies":[{"embeddable":true,"href":"https:\/\/expowiza.com\/pl\/wp-json\/wp\/v2\/comments?post=9960"}],"version-history":[{"count":6,"href":"https:\/\/expowiza.com\/pl\/wp-json\/wp\/v2\/pages\/9960\/revisions"}],"predecessor-version":[{"id":10332,"href":"https:\/\/expowiza.com\/pl\/wp-json\/wp\/v2\/pages\/9960\/revisions\/10332"}],"up":[{"embeddable":true,"href":"https:\/\/expowiza.com\/pl\/wp-json\/wp\/v2\/pages\/10250"}],"wp:featuredmedia":[{"embeddable":true,"href":"https:\/\/expowiza.com\/pl\/wp-json\/wp\/v2\/media\/9809"}],"wp:attachment":[{"href":"https:\/\/expowiza.com\/pl\/wp-json\/wp\/v2\/media?parent=9960"}],"curies":[{"name":"wp","href":"https:\/\/api.w.org\/{rel}","templated":true}]}}